{"id":6378,"date":"2026-03-08T12:27:54","date_gmt":"2026-03-08T12:27:54","guid":{"rendered":"https:\/\/maxdivani.webicones.it\/catalogues\/"},"modified":"2026-04-13T09:44:18","modified_gmt":"2026-04-13T09:44:18","slug":"catalogues","status":"publish","type":"page","link":"https:\/\/maxdivani.webicones.it\/fr\/catalogues\/","title":{"rendered":"Catalogues"},"content":{"rendered":"\t\t<div data-elementor-type=\"wp-page\" data-elementor-id=\"6378\" class=\"elementor elementor-6378 elementor-1461\" data-elementor-post-type=\"page\">\n\t\t\t\t<div class=\"elementor-element elementor-element-f7afa44 e-con-full e-flex e-con e-parent\" data-id=\"f7afa44\" data-element_type=\"container\" data-e-type=\"container\">\n\t\t\t\t<div class=\"elementor-element elementor-element-893ab98 elementor-widget elementor-widget-image\" data-id=\"893ab98\" data-element_type=\"widget\" data-e-type=\"widget\" data-widget_type=\"image.default\">\n\t\t\t\t\t\t\t\t\t\t\t\t\t\t\t<img fetchpriority=\"high\" decoding=\"async\" width=\"1920\" height=\"850\" src=\"https:\/\/maxdivani.webicones.it\/wp-content\/uploads\/2026\/03\/maxdivani-CATALOGHI-hero.webp\" class=\"attachment-full size-full wp-image-6353\" alt=\"\" srcset=\"https:\/\/maxdivani.webicones.it\/wp-content\/uploads\/2026\/03\/maxdivani-CATALOGHI-hero.webp 1920w, https:\/\/maxdivani.webicones.it\/wp-content\/uploads\/2026\/03\/maxdivani-CATALOGHI-hero-300x133.webp 300w, https:\/\/maxdivani.webicones.it\/wp-content\/uploads\/2026\/03\/maxdivani-CATALOGHI-hero-1024x453.webp 1024w, https:\/\/maxdivani.webicones.it\/wp-content\/uploads\/2026\/03\/maxdivani-CATALOGHI-hero-768x340.webp 768w, https:\/\/maxdivani.webicones.it\/wp-content\/uploads\/2026\/03\/maxdivani-CATALOGHI-hero-1536x680.webp 1536w\" sizes=\"(max-width: 1920px) 100vw, 1920px\" \/>\t\t\t\t\t\t\t\t\t\t\t\t\t\t\t<\/div>\n\t\t\t\t<\/div>\n\t\t<div class=\"elementor-element elementor-element-fb4f0ef e-con-full e-flex e-con e-parent\" data-id=\"fb4f0ef\" data-element_type=\"container\" data-e-type=\"container\">\n\t\t<div class=\"elementor-element elementor-element-fdcbf1f e-con-full e-flex e-con e-child\" data-id=\"fdcbf1f\" data-element_type=\"container\" data-e-type=\"container\">\n\t\t\t\t<div class=\"elementor-element elementor-element-03e8c00 elementor-widget elementor-widget-text-editor\" data-id=\"03e8c00\" data-element_type=\"widget\" data-e-type=\"widget\" data-widget_type=\"text-editor.default\">\n\t\t\t\t\t\t\t\t\t<div>Inspir\u00e9s par la nature<\/div>\n\t\t\t\t\t\t\t\t<\/div>\n\t\t\t\t<div class=\"elementor-element elementor-element-6e16b26 elementor-widget elementor-widget-heading\" data-id=\"6e16b26\" data-element_type=\"widget\" data-e-type=\"widget\" data-widget_type=\"heading.default\">\n\t\t\t\t\t<h4 class=\"elementor-heading-title elementor-size-default\">Catalogues<\/h4>\t\t\t\t<\/div>\n\t\t\t\t<\/div>\n\t\t<div class=\"elementor-element elementor-element-5c88671 e-con-full e-flex e-con e-child\" data-id=\"5c88671\" data-element_type=\"container\" data-e-type=\"container\">\n\t\t\t\t<div class=\"elementor-element elementor-element-6ca27d0 elementor-widget elementor-widget-text-editor\" data-id=\"6ca27d0\" data-element_type=\"widget\" data-e-type=\"widget\" data-widget_type=\"text-editor.default\">\n\t\t\t\t\t\t\t\t\t<p>La nature est une ma\u00eetresse extraordinaire dans l\u2019art de cr\u00e9er la lumi\u00e8re et l\u2019ombre.<\/p>\n\t\t\t\t\t\t\t\t<\/div>\n\t\t\t\t<\/div>\n\t\t\t\t<\/div>\n\t\t<div class=\"elementor-element elementor-element-4a37326 e-flex e-con-boxed e-con e-parent\" data-id=\"4a37326\" data-element_type=\"container\" data-e-type=\"container\" data-settings=\"{&quot;background_background&quot;:&quot;classic&quot;,&quot;sticky&quot;:&quot;top&quot;,&quot;sticky_effects_offset&quot;:90,&quot;sticky_on&quot;:[&quot;desktop&quot;,&quot;tablet&quot;,&quot;mobile&quot;],&quot;sticky_offset&quot;:0,&quot;sticky_anchor_link_offset&quot;:0}\">\n\t\t\t\t\t<div class=\"e-con-inner\">\n\t\t\t\t<div class=\"elementor-element elementor-element-1a386ea elementor-widget elementor-widget-button\" data-id=\"1a386ea\" data-element_type=\"widget\" data-e-type=\"widget\" data-widget_type=\"button.default\">\n\t\t\t\t\t\t\t\t\t\t<a class=\"elementor-button elementor-button-link elementor-size-sm\" href=\"#daylight\">\n\t\t\t\t\t\t<span class=\"elementor-button-content-wrapper\">\n\t\t\t\t\t\t\t\t\t<span class=\"elementor-button-text\">daylight<\/span>\n\t\t\t\t\t<\/span>\n\t\t\t\t\t<\/a>\n\t\t\t\t\t\t\t\t<\/div>\n\t\t\t\t<div class=\"elementor-element elementor-element-50bfab9 elementor-widget elementor-widget-button\" data-id=\"50bfab9\" data-element_type=\"widget\" data-e-type=\"widget\" data-widget_type=\"button.default\">\n\t\t\t\t\t\t\t\t\t\t<a class=\"elementor-button elementor-button-link elementor-size-sm\" href=\"#moonlight\">\n\t\t\t\t\t\t<span class=\"elementor-button-content-wrapper\">\n\t\t\t\t\t\t\t\t\t<span class=\"elementor-button-text\">moonlight<\/span>\n\t\t\t\t\t<\/span>\n\t\t\t\t\t<\/a>\n\t\t\t\t\t\t\t\t<\/div>\n\t\t\t\t<div class=\"elementor-element elementor-element-f473c72 elementor-widget elementor-widget-button\" data-id=\"f473c72\" data-element_type=\"widget\" data-e-type=\"widget\" data-widget_type=\"button.default\">\n\t\t\t\t\t\t\t\t\t\t<a class=\"elementor-button elementor-button-link elementor-size-sm\" href=\"#lightstyle\">\n\t\t\t\t\t\t<span class=\"elementor-button-content-wrapper\">\n\t\t\t\t\t\t\t\t\t<span class=\"elementor-button-text\">lightstyle<\/span>\n\t\t\t\t\t<\/span>\n\t\t\t\t\t<\/a>\n\t\t\t\t\t\t\t\t<\/div>\n\t\t\t\t<div class=\"elementor-element elementor-element-703d9aa elementor-widget elementor-widget-button\" data-id=\"703d9aa\" data-element_type=\"widget\" data-e-type=\"widget\" data-widget_type=\"button.default\">\n\t\t\t\t\t\t\t\t\t\t<a class=\"elementor-button elementor-button-link elementor-size-sm\" href=\"#lightness\">\n\t\t\t\t\t\t<span class=\"elementor-button-content-wrapper\">\n\t\t\t\t\t\t\t\t\t<span class=\"elementor-button-text\">lightness<\/span>\n\t\t\t\t\t<\/span>\n\t\t\t\t\t<\/a>\n\t\t\t\t\t\t\t\t<\/div>\n\t\t\t\t\t<\/div>\n\t\t\t\t<\/div>\n\t\t<div class=\"elementor-element elementor-element-a0f8e78 e-con-full e-flex e-con e-parent\" data-id=\"a0f8e78\" data-element_type=\"container\" data-e-type=\"container\" id=\"daylight\">\n\t\t<div class=\"elementor-element elementor-element-b0375d4 e-con-full e-flex e-con e-child\" data-id=\"b0375d4\" data-element_type=\"container\" data-e-type=\"container\">\n\t\t\t\t<div class=\"elementor-element elementor-element-0dcfe11 elementor-widget elementor-widget-heading\" data-id=\"0dcfe11\" data-element_type=\"widget\" data-e-type=\"widget\" data-widget_type=\"heading.default\">\n\t\t\t\t\t<h5 class=\"elementor-heading-title elementor-size-default\">Daylight<\/h5>\t\t\t\t<\/div>\n\t\t\t\t<div class=\"elementor-element elementor-element-461decd elementor-widget elementor-widget-text-editor\" data-id=\"461decd\" data-element_type=\"widget\" data-e-type=\"widget\" data-widget_type=\"text-editor.default\">\n\t\t\t\t\t\t\t\t\t<p>les couleurs de l\u2019\u00e2me appartiennent \u00e0 la nature<\/p>\n\t\t\t\t\t\t\t\t<\/div>\n\t\t\t\t<\/div>\n\t\t<div class=\"elementor-element elementor-element-55a1565 e-con-full e-flex e-con e-child\" data-id=\"55a1565\" data-element_type=\"container\" data-e-type=\"container\">\n\t\t\t\t<div class=\"elementor-element elementor-element-d25e392 elementor-widget elementor-widget-button\" data-id=\"d25e392\" data-element_type=\"widget\" data-e-type=\"widget\" data-widget_type=\"button.default\">\n\t\t\t\t\t\t\t\t\t\t<a class=\"elementor-button elementor-button-link elementor-size-sm\" href=\"https:\/\/maxdivani.webicones.it\/wp-content\/uploads\/2026\/03\/maxdivani-catalogo-2024-DAYLIGHT_compressed.pdf\" target=\"_blank\">\n\t\t\t\t\t\t<span class=\"elementor-button-content-wrapper\">\n\t\t\t\t\t\t\t\t\t<span class=\"elementor-button-text\">t\u00e9l\u00e9charger le catalogue<\/span>\n\t\t\t\t\t<\/span>\n\t\t\t\t\t<\/a>\n\t\t\t\t\t\t\t\t<\/div>\n\t\t\t\t<\/div>\n\t\t\t\t<\/div>\n\t\t<div class=\"elementor-element elementor-element-00e1fe9 e-con-full e-flex e-con e-child\" data-id=\"00e1fe9\" data-element_type=\"container\" data-e-type=\"container\">\n\t\t<div class=\"elementor-element elementor-element-8e84d82 e-con-full e-flex e-con e-child\" data-id=\"8e84d82\" data-element_type=\"container\" data-e-type=\"container\">\n\t\t\t\t<div class=\"elementor-element elementor-element-897f0e1 elementor-widget elementor-widget-image\" data-id=\"897f0e1\" data-element_type=\"widget\" data-e-type=\"widget\" data-widget_type=\"image.default\">\n\t\t\t\t\t\t\t\t\t\t\t\t\t\t\t<img decoding=\"async\" width=\"1125\" height=\"750\" src=\"https:\/\/maxdivani.webicones.it\/wp-content\/uploads\/2026\/03\/cat_daylight.webp\" class=\"attachment-full size-full wp-image-6354\" alt=\"\" srcset=\"https:\/\/maxdivani.webicones.it\/wp-content\/uploads\/2026\/03\/cat_daylight.webp 1125w, https:\/\/maxdivani.webicones.it\/wp-content\/uploads\/2026\/03\/cat_daylight-300x200.webp 300w, https:\/\/maxdivani.webicones.it\/wp-content\/uploads\/2026\/03\/cat_daylight-1024x683.webp 1024w, https:\/\/maxdivani.webicones.it\/wp-content\/uploads\/2026\/03\/cat_daylight-768x512.webp 768w\" sizes=\"(max-width: 1125px) 100vw, 1125px\" \/>\t\t\t\t\t\t\t\t\t\t\t\t\t\t\t<\/div>\n\t\t\t\t<\/div>\n\t\t<div class=\"elementor-element elementor-element-45ec6f9 e-con-full e-flex e-con e-child\" data-id=\"45ec6f9\" data-element_type=\"container\" data-e-type=\"container\" data-settings=\"{&quot;background_background&quot;:&quot;classic&quot;}\">\n\t\t\t\t<div class=\"elementor-element elementor-element-e381f6b elementor-widget elementor-widget-heading\" data-id=\"e381f6b\" data-element_type=\"widget\" data-e-type=\"widget\" data-widget_type=\"heading.default\">\n\t\t\t\t\t<h3 class=\"elementor-heading-title elementor-size-default\">les couleurs de l\u2019\u00e2me appartiennent \u00e0 la nature<\/h3>\t\t\t\t<\/div>\n\t\t\t\t<\/div>\n\t\t\t\t<\/div>\n\t\t<div class=\"elementor-element elementor-element-5b49df8 e-con-full e-flex e-con e-parent\" data-id=\"5b49df8\" data-element_type=\"container\" data-e-type=\"container\" id=\"moonlight\">\n\t\t<div class=\"elementor-element elementor-element-c3e97dc e-con-full e-flex e-con e-child\" data-id=\"c3e97dc\" data-element_type=\"container\" data-e-type=\"container\">\n\t\t\t\t<div class=\"elementor-element elementor-element-25a964f elementor-widget elementor-widget-heading\" data-id=\"25a964f\" data-element_type=\"widget\" data-e-type=\"widget\" data-widget_type=\"heading.default\">\n\t\t\t\t\t<h5 class=\"elementor-heading-title elementor-size-default\">Moonlight<\/h5>\t\t\t\t<\/div>\n\t\t\t\t<div class=\"elementor-element elementor-element-b1656f1 elementor-widget elementor-widget-text-editor\" data-id=\"b1656f1\" data-element_type=\"widget\" data-e-type=\"widget\" data-widget_type=\"text-editor.default\">\n\t\t\t\t\t\t\t\t\t<p>en attendant que le soir vienne<\/p>\n\t\t\t\t\t\t\t\t<\/div>\n\t\t\t\t<\/div>\n\t\t<div class=\"elementor-element elementor-element-3926f99 e-con-full e-flex e-con e-child\" data-id=\"3926f99\" data-element_type=\"container\" data-e-type=\"container\">\n\t\t\t\t<div class=\"elementor-element elementor-element-89f899f elementor-widget elementor-widget-button\" data-id=\"89f899f\" data-element_type=\"widget\" data-e-type=\"widget\" data-widget_type=\"button.default\">\n\t\t\t\t\t\t\t\t\t\t<a class=\"elementor-button elementor-button-link elementor-size-sm\" href=\"https:\/\/maxdivani.webicones.it\/wp-content\/uploads\/2026\/03\/maxdivani-catalogo-2024-MOONLIGHT_compressed.pdf\" target=\"_blank\">\n\t\t\t\t\t\t<span class=\"elementor-button-content-wrapper\">\n\t\t\t\t\t\t\t\t\t<span class=\"elementor-button-text\">t\u00e9l\u00e9charger le catalogue<\/span>\n\t\t\t\t\t<\/span>\n\t\t\t\t\t<\/a>\n\t\t\t\t\t\t\t\t<\/div>\n\t\t\t\t<\/div>\n\t\t\t\t<\/div>\n\t\t<div class=\"elementor-element elementor-element-774438e e-con-full e-flex e-con e-child\" data-id=\"774438e\" data-element_type=\"container\" data-e-type=\"container\">\n\t\t<div class=\"elementor-element elementor-element-dccdb2d e-con-full e-flex e-con e-child\" data-id=\"dccdb2d\" data-element_type=\"container\" data-e-type=\"container\">\n\t\t\t\t<div class=\"elementor-element elementor-element-9cc1398 elementor-widget elementor-widget-image\" data-id=\"9cc1398\" data-element_type=\"widget\" data-e-type=\"widget\" data-widget_type=\"image.default\">\n\t\t\t\t\t\t\t\t\t\t\t\t\t\t\t<img decoding=\"async\" width=\"1125\" height=\"750\" src=\"https:\/\/maxdivani.webicones.it\/wp-content\/uploads\/2026\/03\/cat_moonlight.webp\" class=\"attachment-full size-full wp-image-6356\" alt=\"\" srcset=\"https:\/\/maxdivani.webicones.it\/wp-content\/uploads\/2026\/03\/cat_moonlight.webp 1125w, https:\/\/maxdivani.webicones.it\/wp-content\/uploads\/2026\/03\/cat_moonlight-300x200.webp 300w, https:\/\/maxdivani.webicones.it\/wp-content\/uploads\/2026\/03\/cat_moonlight-1024x683.webp 1024w, https:\/\/maxdivani.webicones.it\/wp-content\/uploads\/2026\/03\/cat_moonlight-768x512.webp 768w\" sizes=\"(max-width: 1125px) 100vw, 1125px\" \/>\t\t\t\t\t\t\t\t\t\t\t\t\t\t\t<\/div>\n\t\t\t\t<\/div>\n\t\t<div class=\"elementor-element elementor-element-0856e66 e-con-full e-flex e-con e-child\" data-id=\"0856e66\" data-element_type=\"container\" data-e-type=\"container\" data-settings=\"{&quot;background_background&quot;:&quot;classic&quot;}\">\n\t\t\t\t<div class=\"elementor-element elementor-element-9990156 elementor-widget elementor-widget-heading\" data-id=\"9990156\" data-element_type=\"widget\" data-e-type=\"widget\" data-widget_type=\"heading.default\">\n\t\t\t\t\t<h3 class=\"elementor-heading-title elementor-size-default\">en attendant que le soir vienne<\/h3>\t\t\t\t<\/div>\n\t\t\t\t<\/div>\n\t\t\t\t<\/div>\n\t\t<div class=\"elementor-element elementor-element-c109a4d e-con-full e-flex e-con e-parent\" data-id=\"c109a4d\" data-element_type=\"container\" data-e-type=\"container\" id=\"lightstyle\">\n\t\t<div class=\"elementor-element elementor-element-015032c e-con-full e-flex e-con e-child\" data-id=\"015032c\" data-element_type=\"container\" data-e-type=\"container\">\n\t\t\t\t<div class=\"elementor-element elementor-element-0074a77 elementor-widget elementor-widget-heading\" data-id=\"0074a77\" data-element_type=\"widget\" data-e-type=\"widget\" data-widget_type=\"heading.default\">\n\t\t\t\t\t<h5 class=\"elementor-heading-title elementor-size-default\">Lightsyle<\/h5>\t\t\t\t<\/div>\n\t\t\t\t<div class=\"elementor-element elementor-element-1097bda elementor-widget elementor-widget-text-editor\" data-id=\"1097bda\" data-element_type=\"widget\" data-e-type=\"widget\" data-widget_type=\"text-editor.default\">\n\t\t\t\t\t\t\t\t\t<p>en attendant que le soir vienne<\/p>\n\t\t\t\t\t\t\t\t<\/div>\n\t\t\t\t<\/div>\n\t\t<div class=\"elementor-element elementor-element-6b9974e e-con-full e-flex e-con e-child\" data-id=\"6b9974e\" data-element_type=\"container\" data-e-type=\"container\">\n\t\t\t\t<div class=\"elementor-element elementor-element-d7278ed elementor-widget elementor-widget-button\" data-id=\"d7278ed\" data-element_type=\"widget\" data-e-type=\"widget\" data-widget_type=\"button.default\">\n\t\t\t\t\t\t\t\t\t\t<a class=\"elementor-button elementor-button-link elementor-size-sm\" href=\"https:\/\/maxdivani.webicones.it\/wp-content\/uploads\/2026\/03\/MAXDIVANI-catalogo-LIGHTSTYLE-2025-low.pdf\" target=\"_blank\">\n\t\t\t\t\t\t<span class=\"elementor-button-content-wrapper\">\n\t\t\t\t\t\t\t\t\t<span class=\"elementor-button-text\">t\u00e9l\u00e9charger le catalogue<\/span>\n\t\t\t\t\t<\/span>\n\t\t\t\t\t<\/a>\n\t\t\t\t\t\t\t\t<\/div>\n\t\t\t\t<\/div>\n\t\t\t\t<\/div>\n\t\t<div class=\"elementor-element elementor-element-5c19c16 e-con-full e-flex e-con e-child\" data-id=\"5c19c16\" data-element_type=\"container\" data-e-type=\"container\">\n\t\t<div class=\"elementor-element elementor-element-ba6ac84 e-con-full e-flex e-con e-child\" data-id=\"ba6ac84\" data-element_type=\"container\" data-e-type=\"container\">\n\t\t\t\t<div class=\"elementor-element elementor-element-6adbae2 elementor-widget elementor-widget-image\" data-id=\"6adbae2\" data-element_type=\"widget\" data-e-type=\"widget\" data-widget_type=\"image.default\">\n\t\t\t\t\t\t\t\t\t\t\t\t\t\t\t<img loading=\"lazy\" decoding=\"async\" width=\"1125\" height=\"750\" src=\"https:\/\/maxdivani.webicones.it\/wp-content\/uploads\/2026\/03\/cat_lighstyle.webp\" class=\"attachment-full size-full wp-image-6358\" alt=\"\" srcset=\"https:\/\/maxdivani.webicones.it\/wp-content\/uploads\/2026\/03\/cat_lighstyle.webp 1125w, https:\/\/maxdivani.webicones.it\/wp-content\/uploads\/2026\/03\/cat_lighstyle-300x200.webp 300w, https:\/\/maxdivani.webicones.it\/wp-content\/uploads\/2026\/03\/cat_lighstyle-1024x683.webp 1024w, https:\/\/maxdivani.webicones.it\/wp-content\/uploads\/2026\/03\/cat_lighstyle-768x512.webp 768w\" sizes=\"(max-width: 1125px) 100vw, 1125px\" \/>\t\t\t\t\t\t\t\t\t\t\t\t\t\t\t<\/div>\n\t\t\t\t<\/div>\n\t\t<div class=\"elementor-element elementor-element-f8f3849 e-con-full e-flex e-con e-child\" data-id=\"f8f3849\" data-element_type=\"container\" data-e-type=\"container\" data-settings=\"{&quot;background_background&quot;:&quot;classic&quot;}\">\n\t\t\t\t<div class=\"elementor-element elementor-element-d5c2ef9 elementor-widget elementor-widget-heading\" data-id=\"d5c2ef9\" data-element_type=\"widget\" data-e-type=\"widget\" data-widget_type=\"heading.default\">\n\t\t\t\t\t<h3 class=\"elementor-heading-title elementor-size-default\">La lumi\u00e8re dessine la forme, la nature d\u00e9finit le silence.<\/h3>\t\t\t\t<\/div>\n\t\t\t\t<\/div>\n\t\t\t\t<\/div>\n\t\t<div class=\"elementor-element elementor-element-32671d2 e-con-full e-flex e-con e-parent\" data-id=\"32671d2\" data-element_type=\"container\" data-e-type=\"container\" id=\"lightness\">\n\t\t<div class=\"elementor-element elementor-element-c692ac1 e-con-full e-flex e-con e-child\" data-id=\"c692ac1\" data-element_type=\"container\" data-e-type=\"container\">\n\t\t\t\t<div class=\"elementor-element elementor-element-fc25ab2 elementor-widget elementor-widget-heading\" data-id=\"fc25ab2\" data-element_type=\"widget\" data-e-type=\"widget\" data-widget_type=\"heading.default\">\n\t\t\t\t\t<h5 class=\"elementor-heading-title elementor-size-default\">Lightness<\/h5>\t\t\t\t<\/div>\n\t\t\t\t<div class=\"elementor-element elementor-element-aa1c2f3 elementor-widget elementor-widget-text-editor\" data-id=\"aa1c2f3\" data-element_type=\"widget\" data-e-type=\"widget\" data-widget_type=\"text-editor.default\">\n\t\t\t\t\t\t\t\t\t<p>en attendant que le soir vienne<\/p>\n\t\t\t\t\t\t\t\t<\/div>\n\t\t\t\t<\/div>\n\t\t<div class=\"elementor-element elementor-element-fb1e80f e-con-full e-flex e-con e-child\" data-id=\"fb1e80f\" data-element_type=\"container\" data-e-type=\"container\">\n\t\t\t\t<div class=\"elementor-element elementor-element-053437c elementor-widget elementor-widget-button\" data-id=\"053437c\" data-element_type=\"widget\" data-e-type=\"widget\" data-widget_type=\"button.default\">\n\t\t\t\t\t\t\t\t\t\t<a class=\"elementor-button elementor-button-link elementor-size-sm\" href=\"https:\/\/maxdivani.webicones.it\/wp-content\/uploads\/2026\/03\/maxdivani-catalogo-LIGHTNESS-2025_compressed.pdf\" target=\"_blank\">\n\t\t\t\t\t\t<span class=\"elementor-button-content-wrapper\">\n\t\t\t\t\t\t\t\t\t<span class=\"elementor-button-text\">t\u00e9l\u00e9charger le catalogue<\/span>\n\t\t\t\t\t<\/span>\n\t\t\t\t\t<\/a>\n\t\t\t\t\t\t\t\t<\/div>\n\t\t\t\t<\/div>\n\t\t\t\t<\/div>\n\t\t<div class=\"elementor-element elementor-element-5ed3559 e-con-full e-flex e-con e-child\" data-id=\"5ed3559\" data-element_type=\"container\" data-e-type=\"container\">\n\t\t<div class=\"elementor-element elementor-element-1c82098 e-con-full e-flex e-con e-child\" data-id=\"1c82098\" data-element_type=\"container\" data-e-type=\"container\">\n\t\t\t\t<div class=\"elementor-element elementor-element-88da0a9 elementor-widget elementor-widget-image\" data-id=\"88da0a9\" data-element_type=\"widget\" data-e-type=\"widget\" data-widget_type=\"image.default\">\n\t\t\t\t\t\t\t\t\t\t\t\t\t\t\t<img loading=\"lazy\" decoding=\"async\" width=\"1125\" height=\"750\" src=\"https:\/\/maxdivani.webicones.it\/wp-content\/uploads\/2026\/03\/cat_lightness.webp\" class=\"attachment-full size-full wp-image-6360\" alt=\"\" srcset=\"https:\/\/maxdivani.webicones.it\/wp-content\/uploads\/2026\/03\/cat_lightness.webp 1125w, https:\/\/maxdivani.webicones.it\/wp-content\/uploads\/2026\/03\/cat_lightness-300x200.webp 300w, https:\/\/maxdivani.webicones.it\/wp-content\/uploads\/2026\/03\/cat_lightness-1024x683.webp 1024w, https:\/\/maxdivani.webicones.it\/wp-content\/uploads\/2026\/03\/cat_lightness-768x512.webp 768w\" sizes=\"(max-width: 1125px) 100vw, 1125px\" \/>\t\t\t\t\t\t\t\t\t\t\t\t\t\t\t<\/div>\n\t\t\t\t<\/div>\n\t\t<div class=\"elementor-element elementor-element-7b3c59e e-con-full e-flex e-con e-child\" data-id=\"7b3c59e\" data-element_type=\"container\" data-e-type=\"container\" data-settings=\"{&quot;background_background&quot;:&quot;classic&quot;}\">\n\t\t\t\t<div class=\"elementor-element elementor-element-7eee2cf elementor-widget elementor-widget-heading\" data-id=\"7eee2cf\" data-element_type=\"widget\" data-e-type=\"widget\" data-widget_type=\"heading.default\">\n\t\t\t\t\t<h3 class=\"elementor-heading-title elementor-size-default\">nature paints \u2028for us \u2028and is a source of inspiration<\/h3>\t\t\t\t<\/div>\n\t\t\t\t<\/div>\n\t\t\t\t<\/div>\n\t\t\t\t<\/div>\n\t\t","protected":false},"excerpt":{"rendered":"<p>Inspir\u00e9s par la nature La nature est une ma\u00eetresse extraordinaire dans l\u2019art de cr\u00e9er la lumi\u00e8re et l\u2019ombre. daylight moonlight lightstyle lightness Daylight les couleurs de l\u2019\u00e2me appartiennent \u00e0 la nature t\u00e9l\u00e9charger le catalogue les couleurs de l\u2019\u00e2me appartiennent \u00e0 la nature Moonlight en attendant que le soir vienne t\u00e9l\u00e9charger le catalogue en attendant que [&hellip;]<\/p>\n","protected":false},"author":1,"featured_media":0,"parent":0,"menu_order":0,"comment_status":"closed","ping_status":"closed","template":"","meta":{"_acf_changed":false,"footnotes":""},"class_list":["post-6378","page","type-page","status-publish","hentry"],"acf":[],"_links":{"self":[{"href":"https:\/\/maxdivani.webicones.it\/fr\/wp-json\/wp\/v2\/pages\/6378","targetHints":{"allow":["GET"]}}],"collection":[{"href":"https:\/\/maxdivani.webicones.it\/fr\/wp-json\/wp\/v2\/pages"}],"about":[{"href":"https:\/\/maxdivani.webicones.it\/fr\/wp-json\/wp\/v2\/types\/page"}],"author":[{"embeddable":true,"href":"https:\/\/maxdivani.webicones.it\/fr\/wp-json\/wp\/v2\/users\/1"}],"replies":[{"embeddable":true,"href":"https:\/\/maxdivani.webicones.it\/fr\/wp-json\/wp\/v2\/comments?post=6378"}],"version-history":[{"count":1,"href":"https:\/\/maxdivani.webicones.it\/fr\/wp-json\/wp\/v2\/pages\/6378\/revisions"}],"predecessor-version":[{"id":6380,"href":"https:\/\/maxdivani.webicones.it\/fr\/wp-json\/wp\/v2\/pages\/6378\/revisions\/6380"}],"wp:attachment":[{"href":"https:\/\/maxdivani.webicones.it\/fr\/wp-json\/wp\/v2\/media?parent=6378"}],"curies":[{"name":"wp","href":"https:\/\/api.w.org\/{rel}","templated":true}]}}